{"id":873,"date":"2021-10-12T15:01:01","date_gmt":"2021-10-12T15:01:01","guid":{"rendered":"https:\/\/livingminds.dk\/?page_id=873"},"modified":"2024-06-24T11:06:27","modified_gmt":"2024-06-24T11:06:27","slug":"for-psykologer","status":"publish","type":"page","link":"https:\/\/livingminds.dk\/index.php\/sig-hej\/for-psykologer\/","title":{"rendered":"For psykologer"},"content":{"rendered":"\n<p>Har du brug for et sted hvor din egen udvikling og refleksion er i centrum? Hvor du kan finde inspiration til hvad der er meningsfuldt for dig som psykolog og som menneske? <\/p>\n\n\n\n<p>S\u00e5 h\u00e5ber jeg at kunne tilbyde dig et rum hvor det kan ske. Enten gennem 1-1 samtaler, eller ved at deltage i en af mine mindre grupper for psykologer.<\/p>\n\n\n\n<p>Kontakt mig for yderligere info, eller book en tid til en samtale.<\/p>\n\n\n\n<div class=\"wp-block-columns is-layout-flex wp-container-core-columns-is-layout-9d6595d7 wp-block-columns-is-layout-flex\">\n<div class=\"wp-block-column is-layout-flow wp-block-column-is-layout-flow\" style=\"flex-basis:100%\">\n<div class=\"wp-block-group alignwide\"><div class=\"wp-block-group__inner-container is-layout-flow wp-block-group-is-layout-flow\">\n<\/p>\n<\/div><\/div>\n\n\n\n<p>Datoer afventer, men jeg planl\u00e6gger for eksempel f\u00f8lgende<\/p>\n<\/div>\n<\/div>\n\n\n\n<p><strong>Compassion Retreat for psykologer<\/strong><\/p>\n\n\n\n<p>3 dages retreat med fokus p\u00e5 tr\u00e6ning i teknikker fra compassion fokuseret terapi, b\u00e5de omkring compassion generelt og is\u00e6r selv-compassion.<\/p>\n\n\n\n<p><strong>CFT Supervision <\/strong><\/p>\n\n\n\n<p>Supervisionsgrupper i compassionfokuseret terapi (CFT). Hvis du vil udvikle dine egne evner i compassion, \u00f8ve dem p\u00e5 andre og have supervision p\u00e5 din brug af teknikkerne i praksis. Jeg arbejder p\u00e5 at skabe en fast gruppe for\u00e5r og efter\u00e5r, s\u00e5 kontakt mig hvis du er interesseret.<\/p>\n","protected":false},"excerpt":{"rendered":"<p>Har du brug for et sted hvor din egen udvikling og refleksion er i centrum? Hvor du kan finde inspiration til hvad der er meningsfuldt for dig som psykolog og som menneske? S\u00e5 h\u00e5ber jeg at kunne tilbyde dig et rum hvor det kan ske. Enten gennem 1-1 samtaler, eller ved at deltage i en&hellip; <a class=\"more-link\" href=\"https:\/\/livingminds.dk\/index.php\/sig-hej\/for-psykologer\/\">Continue reading &rarr;<\/a><\/p>\n","protected":false},"author":1,"featured_media":0,"parent":1001,"menu_order":0,"comment_status":"closed","ping_status":"closed","template":"","meta":{"footnotes":""},"class_list":["post-873","page","type-page","status-publish","hentry"],"_links":{"self":[{"href":"https:\/\/livingminds.dk\/index.php\/wp-json\/wp\/v2\/pages\/873","targetHints":{"allow":["GET"]}}],"collection":[{"href":"https:\/\/livingminds.dk\/index.php\/wp-json\/wp\/v2\/pages"}],"about":[{"href":"https:\/\/livingminds.dk\/index.php\/wp-json\/wp\/v2\/types\/page"}],"author":[{"embeddable":true,"href":"https:\/\/livingminds.dk\/index.php\/wp-json\/wp\/v2\/users\/1"}],"replies":[{"embeddable":true,"href":"https:\/\/livingminds.dk\/index.php\/wp-json\/wp\/v2\/comments?post=873"}],"version-history":[{"count":9,"href":"https:\/\/livingminds.dk\/index.php\/wp-json\/wp\/v2\/pages\/873\/revisions"}],"predecessor-version":[{"id":1008,"href":"https:\/\/livingminds.dk\/index.php\/wp-json\/wp\/v2\/pages\/873\/revisions\/1008"}],"up":[{"embeddable":true,"href":"https:\/\/livingminds.dk\/index.php\/wp-json\/wp\/v2\/pages\/1001"}],"wp:attachment":[{"href":"https:\/\/livingminds.dk\/index.php\/wp-json\/wp\/v2\/media?parent=873"}],"curies":[{"name":"wp","href":"https:\/\/api.w.org\/{rel}","templated":true}]}}