{"id":857,"date":"2021-10-12T14:37:28","date_gmt":"2021-10-12T14:37:28","guid":{"rendered":"https:\/\/livingminds.dk\/?page_id=857"},"modified":"2022-11-04T11:19:27","modified_gmt":"2022-11-04T11:19:27","slug":"lidt-om-mig","status":"publish","type":"page","link":"https:\/\/livingminds.dk\/index.php\/praktisk-info\/lidt-om-mig\/","title":{"rendered":"Lidt om mig"},"content":{"rendered":"\n<p>Livingminds drives af psykolog Christina Ganslev, der har en lang erfaring med b\u00e5de mindfulness og compassion. Udover at v\u00e6re autoriseret psykolog, s\u00e5 er Christina uddannet meditationsl\u00e6rer, mindfulness instrukt\u00f8r og specialist i compassion fokuseret terapi. Hun har solid erfaring med at undervise p\u00e5 workshops og retreats rundt om i Norden og Europa, har afholdt et hav af kurser i mindfulness og meditation, og er mentor for en r\u00e6kke kommende meditationsl\u00e6rere.<\/p>\n\n\n\n<p>Det er prim\u00e6rt Christina I vil m\u00f8de p\u00e5 workshops, til undervisning og i supervision. <\/p>\n\n\n\n<figure class=\"wp-block-gallery has-nested-images columns-default is-cropped wp-block-gallery-1 is-layout-flex wp-block-gallery-is-layout-flex\">\n<figure class=\"wp-block-image size-large\"><img loading=\"lazy\" decoding=\"async\" width=\"1000\" height=\"667\" data-id=\"787\" src=\"https:\/\/livingminds.dk\/wp-content\/uploads\/2021\/08\/unbrellas-free-picture.jpg\" alt=\"\" class=\"wp-image-787\" srcset=\"https:\/\/livingminds.dk\/wp-content\/uploads\/2021\/08\/unbrellas-free-picture.jpg 1000w, https:\/\/livingminds.dk\/wp-content\/uploads\/2021\/08\/unbrellas-free-picture-300x200.jpg 300w, https:\/\/livingminds.dk\/wp-content\/uploads\/2021\/08\/unbrellas-free-picture-768x512.jpg 768w, https:\/\/livingminds.dk\/wp-content\/uploads\/2021\/08\/unbrellas-free-picture-421x281.jpg 421w\" sizes=\"auto, (max-width: 1000px) 100vw, 1000px\" \/><\/figure>\n\n\n\n<figure class=\"wp-block-image size-large\"><img loading=\"lazy\" decoding=\"async\" width=\"768\" height=\"1024\" data-id=\"809\" src=\"https:\/\/livingminds.dk\/wp-content\/uploads\/2021\/10\/IMG_1116-768x1024.jpg\" alt=\"\" class=\"wp-image-809\" srcset=\"https:\/\/livingminds.dk\/wp-content\/uploads\/2021\/10\/IMG_1116-768x1024.jpg 768w, https:\/\/livingminds.dk\/wp-content\/uploads\/2021\/10\/IMG_1116-225x300.jpg 225w, https:\/\/livingminds.dk\/wp-content\/uploads\/2021\/10\/IMG_1116-1152x1536.jpg 1152w, https:\/\/livingminds.dk\/wp-content\/uploads\/2021\/10\/IMG_1116-1536x2048.jpg 1536w, https:\/\/livingminds.dk\/wp-content\/uploads\/2021\/10\/IMG_1116-scaled.jpg 1920w\" sizes=\"auto, (max-width: 768px) 100vw, 768px\" \/><\/figure>\n\n\n\n<figure class=\"wp-block-image size-large\"><img loading=\"lazy\" decoding=\"async\" width=\"1024\" height=\"618\" data-id=\"807\" src=\"https:\/\/livingminds.dk\/wp-content\/uploads\/2021\/10\/aditya-saxena_windy-1024x618.jpg\" alt=\"\" class=\"wp-image-807\" srcset=\"https:\/\/livingminds.dk\/wp-content\/uploads\/2021\/10\/aditya-saxena_windy-1024x618.jpg 1024w, https:\/\/livingminds.dk\/wp-content\/uploads\/2021\/10\/aditya-saxena_windy-300x181.jpg 300w, https:\/\/livingminds.dk\/wp-content\/uploads\/2021\/10\/aditya-saxena_windy-768x463.jpg 768w, https:\/\/livingminds.dk\/wp-content\/uploads\/2021\/10\/aditya-saxena_windy-1536x927.jpg 1536w, https:\/\/livingminds.dk\/wp-content\/uploads\/2021\/10\/aditya-saxena_windy-2048x1235.jpg 2048w, https:\/\/livingminds.dk\/wp-content\/uploads\/2021\/10\/aditya-saxena_windy-421x254.jpg 421w\" sizes=\"auto, (max-width: 1024px) 100vw, 1024px\" \/><\/figure>\n<\/figure>\n","protected":false},"excerpt":{"rendered":"<p>Livingminds drives af psykolog Christina Ganslev, der har en lang erfaring med b\u00e5de mindfulness og compassion. Udover at v\u00e6re autoriseret psykolog, s\u00e5 er Christina uddannet meditationsl\u00e6rer, mindfulness instrukt\u00f8r og specialist i compassion fokuseret terapi. Hun har solid erfaring med at undervise p\u00e5 workshops og retreats rundt om i Norden og Europa, har afholdt et hav&hellip; <a class=\"more-link\" href=\"https:\/\/livingminds.dk\/index.php\/praktisk-info\/lidt-om-mig\/\">Continue reading &rarr;<\/a><\/p>\n","protected":false},"author":1,"featured_media":0,"parent":844,"menu_order":0,"comment_status":"closed","ping_status":"closed","template":"","meta":{"footnotes":""},"class_list":["post-857","page","type-page","status-publish","hentry"],"_links":{"self":[{"href":"https:\/\/livingminds.dk\/index.php\/wp-json\/wp\/v2\/pages\/857","targetHints":{"allow":["GET"]}}],"collection":[{"href":"https:\/\/livingminds.dk\/index.php\/wp-json\/wp\/v2\/pages"}],"about":[{"href":"https:\/\/livingminds.dk\/index.php\/wp-json\/wp\/v2\/types\/page"}],"author":[{"embeddable":true,"href":"https:\/\/livingminds.dk\/index.php\/wp-json\/wp\/v2\/users\/1"}],"replies":[{"embeddable":true,"href":"https:\/\/livingminds.dk\/index.php\/wp-json\/wp\/v2\/comments?post=857"}],"version-history":[{"count":5,"href":"https:\/\/livingminds.dk\/index.php\/wp-json\/wp\/v2\/pages\/857\/revisions"}],"predecessor-version":[{"id":974,"href":"https:\/\/livingminds.dk\/index.php\/wp-json\/wp\/v2\/pages\/857\/revisions\/974"}],"up":[{"embeddable":true,"href":"https:\/\/livingminds.dk\/index.php\/wp-json\/wp\/v2\/pages\/844"}],"wp:attachment":[{"href":"https:\/\/livingminds.dk\/index.php\/wp-json\/wp\/v2\/media?parent=857"}],"curies":[{"name":"wp","href":"https:\/\/api.w.org\/{rel}","templated":true}]}}