{"id":844,"date":"2021-10-12T11:29:06","date_gmt":"2021-10-12T11:29:06","guid":{"rendered":"https:\/\/livingminds.dk\/?page_id=844"},"modified":"2021-10-12T14:53:09","modified_gmt":"2021-10-12T14:53:09","slug":"praktisk-info","status":"publish","type":"page","link":"https:\/\/livingminds.dk\/index.php\/praktisk-info\/","title":{"rendered":"Praktisk info"},"content":{"rendered":"\n<p>Her kan du finde praktisk info, lidt om hvem vi er, alt det loven siger vi skal huske og s\u00e5dan.<\/p>\n\n\n\n<p>For at booke p\u00e5 retreats eller events s\u00e5 ring til 42 30 03 69 eller send en sms. Vi svarer s\u00e5 hurtigt vi kan, og hvis der g\u00e5r lidt tid, s\u00e5 hav t\u00e5lmodighed \u2013 telefonen er slukket, n\u00e5r der er retreats.<\/p>\n","protected":false},"excerpt":{"rendered":"<p>Her kan du finde praktisk info, lidt om hvem vi er, alt det loven siger vi skal huske og s\u00e5dan. For at booke p\u00e5 retreats eller events s\u00e5 ring til 42 30 03 69 eller send en sms. Vi svarer s\u00e5 hurtigt vi kan, og hvis der g\u00e5r lidt tid, s\u00e5 hav t\u00e5lmodighed \u2013 telefonen&hellip; <a class=\"more-link\" href=\"https:\/\/livingminds.dk\/index.php\/praktisk-info\/\">Continue reading &rarr;<\/a><\/p>\n","protected":false},"author":1,"featured_media":0,"parent":0,"menu_order":0,"comment_status":"closed","ping_status":"closed","template":"","meta":{"footnotes":""},"class_list":["post-844","page","type-page","status-publish","hentry"],"_links":{"self":[{"href":"https:\/\/livingminds.dk\/index.php\/wp-json\/wp\/v2\/pages\/844","targetHints":{"allow":["GET"]}}],"collection":[{"href":"https:\/\/livingminds.dk\/index.php\/wp-json\/wp\/v2\/pages"}],"about":[{"href":"https:\/\/livingminds.dk\/index.php\/wp-json\/wp\/v2\/types\/page"}],"author":[{"embeddable":true,"href":"https:\/\/livingminds.dk\/index.php\/wp-json\/wp\/v2\/users\/1"}],"replies":[{"embeddable":true,"href":"https:\/\/livingminds.dk\/index.php\/wp-json\/wp\/v2\/comments?post=844"}],"version-history":[{"count":4,"href":"https:\/\/livingminds.dk\/index.php\/wp-json\/wp\/v2\/pages\/844\/revisions"}],"predecessor-version":[{"id":868,"href":"https:\/\/livingminds.dk\/index.php\/wp-json\/wp\/v2\/pages\/844\/revisions\/868"}],"wp:attachment":[{"href":"https:\/\/livingminds.dk\/index.php\/wp-json\/wp\/v2\/media?parent=844"}],"curies":[{"name":"wp","href":"https:\/\/api.w.org\/{rel}","templated":true}]}}