{"id":825,"date":"2021-10-12T11:18:15","date_gmt":"2021-10-12T11:18:15","guid":{"rendered":"https:\/\/livingminds.dk\/?page_id=825"},"modified":"2024-06-24T11:07:22","modified_gmt":"2024-06-24T11:07:22","slug":"book","status":"publish","type":"page","link":"https:\/\/livingminds.dk\/index.php\/praktisk-info\/book\/","title":{"rendered":"Book"},"content":{"rendered":"\n<p>Hvis du vil booke en session 1-1 eller kontakte mig om et kursus eller workshop, s\u00e5 ring til 42 30 03 69 eller send en sms. Jeg svarer s\u00e5 hurtigt jeg kan, og hvis der g\u00e5r lidt tid, s\u00e5 hav t\u00e5lmodighed &#8211; telefonen er slukket n\u00e5r jeg underviser p\u00e5 retreat.<\/p>\n\n\n\n<h2 class=\"wp-block-heading\">Online Booking<\/h2>\n\n\n\n<p>Du kan ogs\u00e5 bruge min online portal til at booke tid til en individuel session med mindfulness, coaching eller terapi, den finder du <a href=\"https:\/\/system.easypractice.net\/book\/christina-5#choose-service\" target=\"_blank\" rel=\"noreferrer noopener\">HER<\/a><\/p>\n","protected":false},"excerpt":{"rendered":"<p>Hvis du vil booke en session 1-1 eller kontakte mig om et kursus eller workshop, s\u00e5 ring til 42 30 03 69 eller send en sms. Jeg svarer s\u00e5 hurtigt jeg kan, og hvis der g\u00e5r lidt tid, s\u00e5 hav t\u00e5lmodighed &#8211; telefonen er slukket n\u00e5r jeg underviser p\u00e5 retreat. Online Booking Du kan ogs\u00e5&hellip; <a class=\"more-link\" href=\"https:\/\/livingminds.dk\/index.php\/praktisk-info\/book\/\">Continue reading &rarr;<\/a><\/p>\n","protected":false},"author":1,"featured_media":0,"parent":844,"menu_order":1,"comment_status":"closed","ping_status":"closed","template":"","meta":{"footnotes":""},"class_list":["post-825","page","type-page","status-publish","hentry"],"_links":{"self":[{"href":"https:\/\/livingminds.dk\/index.php\/wp-json\/wp\/v2\/pages\/825","targetHints":{"allow":["GET"]}}],"collection":[{"href":"https:\/\/livingminds.dk\/index.php\/wp-json\/wp\/v2\/pages"}],"about":[{"href":"https:\/\/livingminds.dk\/index.php\/wp-json\/wp\/v2\/types\/page"}],"author":[{"embeddable":true,"href":"https:\/\/livingminds.dk\/index.php\/wp-json\/wp\/v2\/users\/1"}],"replies":[{"embeddable":true,"href":"https:\/\/livingminds.dk\/index.php\/wp-json\/wp\/v2\/comments?post=825"}],"version-history":[{"count":4,"href":"https:\/\/livingminds.dk\/index.php\/wp-json\/wp\/v2\/pages\/825\/revisions"}],"predecessor-version":[{"id":987,"href":"https:\/\/livingminds.dk\/index.php\/wp-json\/wp\/v2\/pages\/825\/revisions\/987"}],"up":[{"embeddable":true,"href":"https:\/\/livingminds.dk\/index.php\/wp-json\/wp\/v2\/pages\/844"}],"wp:attachment":[{"href":"https:\/\/livingminds.dk\/index.php\/wp-json\/wp\/v2\/media?parent=825"}],"curies":[{"name":"wp","href":"https:\/\/api.w.org\/{rel}","templated":true}]}}