{"id":820,"date":"2021-10-12T11:14:22","date_gmt":"2021-10-12T11:14:22","guid":{"rendered":"https:\/\/livingminds.dk\/?page_id=820"},"modified":"2025-12-23T14:42:49","modified_gmt":"2025-12-23T14:42:49","slug":"velkommen","status":"publish","type":"page","link":"https:\/\/livingminds.dk\/","title":{"rendered":"Velkommen"},"content":{"rendered":"<p>Form\u00e5let med livingminds er at give mennesker mulighed for at leve et liv med mere mening, medf\u00f8lelse og n\u00e6rv\u00e6r. Kort sagt, at g\u00f8re vores liv mere v\u00e6rd at leve &#8211; I de private liv og som professionelle mennesker i vores organisationer og arbejdsliv.<\/p>\n<p>Jeg arbejder med mindfulness og medf\u00f8lelse som teknikker og teorier til at forst\u00e5 mennesker og til at udvikle os, s\u00e5 vi kan leve gode og n\u00e6rv\u00e6rende liv. Hos mig finder du konkret vejledning i hvordan du kan bruge disse i dit liv, og sammen finder vi frem til hvad der passer til dig og det du gerne vil opn\u00e5.<\/p>\n<p>Jeg holder fordybelsesorlov i 10 uger fra januar 2026, men kontakt mig gerne derefter<\/p>\n<p><img loading=\"lazy\" decoding=\"async\" class=\"alignnone size-medium wp-image-897 alignleft\" src=\"https:\/\/livingminds.dk\/wp-content\/uploads\/2021\/10\/lesly-juarez_mindfulness-300x200.jpg\" alt=\"\" width=\"300\" height=\"200\" srcset=\"https:\/\/livingminds.dk\/wp-content\/uploads\/2021\/10\/lesly-juarez_mindfulness-300x200.jpg 300w, https:\/\/livingminds.dk\/wp-content\/uploads\/2021\/10\/lesly-juarez_mindfulness-1024x683.jpg 1024w, https:\/\/livingminds.dk\/wp-content\/uploads\/2021\/10\/lesly-juarez_mindfulness-768x512.jpg 768w, https:\/\/livingminds.dk\/wp-content\/uploads\/2021\/10\/lesly-juarez_mindfulness-1536x1024.jpg 1536w, https:\/\/livingminds.dk\/wp-content\/uploads\/2021\/10\/lesly-juarez_mindfulness-2048x1365.jpg 2048w, https:\/\/livingminds.dk\/wp-content\/uploads\/2021\/10\/lesly-juarez_mindfulness-740x493.jpg 740w, https:\/\/livingminds.dk\/wp-content\/uploads\/2021\/10\/lesly-juarez_mindfulness-400x267.jpg 400w\" sizes=\"auto, (max-width: 300px) 100vw, 300px\" \/>Nogle kontakter mig fordi de gerne vil l\u00e6re at meditere, hvilket jeg l\u00e6rer dem gennem et 1-1 forl\u00f8b hvor vi sammen arbejder med at etablere en fast meditationspraksis i deres liv, s\u00e5 de kan have et dagligt st\u00e5sted i en travl verden.<\/p>\n<p>Andre kommer fordi de gerne vil arbejde med at f\u00e5 en bedre relation til sig selv og andre, og skabe mere frihed gennem brug af medf\u00f8lelsesteknikker.<\/p>\n<p>Nogle deltager i mine kursusforl\u00f8b, andre foretr\u00e6kker 1-1 forl\u00f8b, der bedre kan skr\u00e6ddersyes og tilpasses den enkeltes situation.<\/p>\n<p>Nysgerrig? S\u00e5 kom med p\u00e5 rejsen.<\/p>\n<p>Du er meget velkommen til at kontakte mig p\u00e5 42 30 03 69 og f\u00e5 en snak om hvad jeg kan hj\u00e6lpe netop dig med.<\/p>\n<p>Af uddannelse er jeg professionel autoriseret psykolog, ligesom jeg er uddannet mindfulness og meditationsl\u00e6rer. F\u00e6lles for de opgaver jeg laver, er, at jeg synes de giver mening og bidrager til at skabe mere gl\u00e6de og mening for dig, og til at mindske lidelsen i vores f\u00e6lles verden.<\/p>\n<p>Mennesker i alle udgaver er velkommen her &#8211; privatpersoner, psykologer, firmaer, professionelle.<\/p>\n<p><img loading=\"lazy\" decoding=\"async\" class=\"wp-image-809 alignleft\" src=\"https:\/\/livingminds.dk\/wp-content\/uploads\/2021\/10\/IMG_1116-225x300.jpg\" alt=\"\" width=\"183\" height=\"244\" srcset=\"https:\/\/livingminds.dk\/wp-content\/uploads\/2021\/10\/IMG_1116-225x300.jpg 225w, https:\/\/livingminds.dk\/wp-content\/uploads\/2021\/10\/IMG_1116-768x1024.jpg 768w, https:\/\/livingminds.dk\/wp-content\/uploads\/2021\/10\/IMG_1116-1152x1536.jpg 1152w, https:\/\/livingminds.dk\/wp-content\/uploads\/2021\/10\/IMG_1116-1536x2048.jpg 1536w, https:\/\/livingminds.dk\/wp-content\/uploads\/2021\/10\/IMG_1116-scaled.jpg 1920w\" sizes=\"auto, (max-width: 183px) 100vw, 183px\" \/><\/p>\n<p>Jeg h\u00e5ber, du har mod p\u00e5 at udforske lidt af al den rigdom der er at hente fra disse teknikker og gl\u00e6der mig til at h\u00f8re fra dig.<\/p>\n<p>De bedste hilsner<\/p>\n<p>Christina<\/p>\n\n\n<p class=\"has-text-align-center\" style=\"font-size:12px;font-style:normal;font-weight:100\">Christina Ganslev, Gymnasievej 21, 4600 K\u00f8ge, Tel: 42 300 369<\/p>\n\n\n\n<p><\/p>\n","protected":false},"excerpt":{"rendered":"<p>Form\u00e5let med livingminds er at give mennesker mulighed for at leve et liv med mere mening, medf\u00f8lelse og n\u00e6rv\u00e6r. Kort sagt, at g\u00f8re vores liv mere v\u00e6rd at leve &#8211; I de private liv og som professionelle mennesker i vores organisationer og arbejdsliv. Jeg arbejder med mindfulness og medf\u00f8lelse som teknikker og teorier til at&hellip; <a class=\"more-link\" href=\"https:\/\/livingminds.dk\/\">Continue reading &rarr;<\/a><\/p>\n","protected":false},"author":1,"featured_media":0,"parent":0,"menu_order":0,"comment_status":"closed","ping_status":"closed","template":"","meta":{"footnotes":""},"class_list":["post-820","page","type-page","status-publish","hentry"],"_links":{"self":[{"href":"https:\/\/livingminds.dk\/index.php\/wp-json\/wp\/v2\/pages\/820","targetHints":{"allow":["GET"]}}],"collection":[{"href":"https:\/\/livingminds.dk\/index.php\/wp-json\/wp\/v2\/pages"}],"about":[{"href":"https:\/\/livingminds.dk\/index.php\/wp-json\/wp\/v2\/types\/page"}],"author":[{"embeddable":true,"href":"https:\/\/livingminds.dk\/index.php\/wp-json\/wp\/v2\/users\/1"}],"replies":[{"embeddable":true,"href":"https:\/\/livingminds.dk\/index.php\/wp-json\/wp\/v2\/comments?post=820"}],"version-history":[{"count":29,"href":"https:\/\/livingminds.dk\/index.php\/wp-json\/wp\/v2\/pages\/820\/revisions"}],"predecessor-version":[{"id":1031,"href":"https:\/\/livingminds.dk\/index.php\/wp-json\/wp\/v2\/pages\/820\/revisions\/1031"}],"wp:attachment":[{"href":"https:\/\/livingminds.dk\/index.php\/wp-json\/wp\/v2\/media?parent=820"}],"curies":[{"name":"wp","href":"https:\/\/api.w.org\/{rel}","templated":true}]}}