{"id":3,"date":"2021-04-07T13:02:08","date_gmt":"2021-04-07T13:02:08","guid":{"rendered":"https:\/\/livingminds.dk\/?page_id=3"},"modified":"2022-09-18T14:40:35","modified_gmt":"2022-09-18T14:40:35","slug":"privacy-policy","status":"publish","type":"page","link":"https:\/\/livingminds.dk\/index.php\/praktisk-info\/privacy-policy\/","title":{"rendered":"Privacy Policy"},"content":{"rendered":"\n<h2 class=\"wp-block-heading\"><strong>Behandling af dine oplysninger<\/strong><\/h2>\n\n\n\n<p>Vi er i forbindelse med psykologisk behandling af dig som dataansvarlig forpligtet til at indsamle og behandle en r\u00e6kke personoplysninger om dig, jf. Psykologloven og Bekendtg\u00f8relse om ordnede optegnelser for psykologer.<\/p>\n\n\n\n<p>Denne privatlivspolitik beskriver, hvordan vi i den forbindelse, bruger og i nogle tilf\u00e6lde videregiver dine personoplysninger.<\/p>\n\n\n\n<h4 class=\"wp-block-heading\"><strong>Typer af oplysninger<\/strong><\/h4>\n\n\n\n<p>Firmaet Psykolog Christina Ganslev indsamler og behandler f\u00f8lgende typer af personoplysninger om dig (i det omfang det er relevant for netop dig):<\/p>\n\n\n\n<p><em>Almindelige kategorier af personoplysninger:<\/em><\/p>\n\n\n\n<ul class=\"wp-block-list\"><li>Navn, adresse, email, telefonnr., CPR-nummer, familierelationer og sociale relationer, arbejdsrelationer og uddannelse, kontaktoplysninger p\u00e5 egen l\u00e6ge, n\u00e6rmeste p\u00e5r\u00f8rende.<\/li><\/ul>\n\n\n\n<p><em>S\u00e6rlige kategorier af personoplysninger (\u201df\u00f8lsomme personoplysninger\u201d):<\/em><\/p>\n\n\n\n<ul class=\"wp-block-list\"><li>Helbredsoplysninger<\/li><\/ul>\n\n\n\n<h4 class=\"wp-block-heading\"><strong>Form\u00e5l<\/strong><\/h4>\n\n\n\n<p>Vi behandler dine personoplysninger til f\u00f8lgende form\u00e5l:<\/p>\n\n\n\n<ul class=\"wp-block-list\"><li>Vores behandling af dig<\/li><li>Journalf\u00f8ring og opbevaring af journal h\u00f8rende til din behandling i klinikken<\/li><li>Udarbejdelse af attester til brug for myndigheder, forsikringsselskaber mv.<\/li><li>Kommunikation med andre sundhedspersoner, l\u00e6ger eller sygehuse<\/li><li>Indberetning til kliniske kvalitetsdatabaser<\/li><li>Afregningsform\u00e5l<\/li><li>Betalingsgarantier p\u00e5 et givent behandlingsforl\u00f8b hvis dette er betalt af andre end dig selv. Det kan fx v\u00e6re fra forsikringsselskaber, sundhedsforsikringer, arbejdsgivere mm.<\/li><li>Overholdelse af vores forpligtelser i henhold til g\u00e6ldende lovgivning, herunder EU\u2019s databeskyttelsesforordning, databeskyttelsesloven og anden relevant sundhedsretlig lovgivning, f.eks.<ul><li>Dokumentationspligt<\/li><li>Overholdelse af basale principper for behandling af personoplysninger og juridisk hjemmel for behandlingen<\/li><li>Iv\u00e6rks\u00e6ttelse og vedligeholdelse af tekniske og organisatoriske sikkerhedsforanstaltninger, herunder men ikke begr\u00e6nset til at hindre uautoriseret adgang til systemer og oplysninger, hindre modtagelse eller distribution af ondsindet kode, standsning af overbelastningsangreb (denial-of-service-angreb) og beskadigelser af computersystemer og elektroniske kommunikationssystemer<\/li><li>Unders\u00f8gelse af mistanke eller viden om sikkerhedsbrud og rapportering til individer og myndigheder<\/li><li>H\u00e5ndtering af foresp\u00f8rgsler og klager fra registrerede og andre<\/li><li>H\u00e5ndtering af inspektioner og foresp\u00f8rgsler fra tilsynsmyndigheder<\/li><li>H\u00e5ndtering af tvister med registrerede og tredjeparter.<\/li><li>Statistiske unders\u00f8gelser og videnskabelig forskning<\/li><\/ul><\/li><\/ul>\n\n\n\n<h4 class=\"wp-block-heading\"><strong>Frivillighed<\/strong><\/h4>\n\n\n\n<p>N\u00e5r vi indsamler personoplysninger direkte fra dig, giver du personoplysningerne frivilligt. Du er ikke forpligtet til at give disse personoplysninger til os. Konsekvensen af ikke at give os personoplysningerne vil v\u00e6re, at vi ikke kan varetage form\u00e5lene ovenfor, herunder at jeg ikke vil kunne behandle dig.<\/p>\n\n\n\n<h4 class=\"wp-block-heading\"><strong>Videregivelse af personoplysninger<\/strong><\/h4>\n\n\n\n<p>Idet omfang det er n\u00f8dvendigt for den konkrete behandling af dig, vil dine personoplysninger blive videregivet og delt med f\u00f8lgende modtagere:<\/p>\n\n\n\n<ul class=\"wp-block-list\"><li>Der videregives oplysninger til andre sundhedspersoner, hvis det er n\u00f8dvendigt af hensyn til et aktuelt behandlingsforl\u00f8b.<\/li><li>Der videregives oplysninger til RKKP (kliniske kvalitetsdatabaser), Styrelsen for Patientsikkerhed, Psykologn\u00e6vnet, Arbejdsmarkedets Erhvervssikring, i det omfang, at der foreligger en pligt hertil if\u00f8lge g\u00e6ldende lovgivning.<\/li><li>Du har som patient adgang til dine egne oplysninger (indsigtsret).<\/li><li>Ved indberetning af oplysninger i forbindelse med afregning for patientbehandling videregives oplysninger til de regionale afregningskontorer.<\/li><li>Ved indberetning til kliniske kvalitetsdatabaser.<\/li><li>I andre tilf\u00e6lde, og s\u00e5fremt der foreligger samtykke, videregives oplysninger til forsikringsselskaber.<\/li><\/ul>\n\n\n\n<p>Det juridiske grundlag for at indsamle, behandle og videregive dine personoplysninger er:<\/p>\n\n\n\n<ul class=\"wp-block-list\"><li>Til brug for den almindelige patientbehandling indsamles, behandles og videregives almindelige personoplysninger i medf\u00f8r af databeskyttelsesforordningens artikel 6(1)(c) og (d), mens de f\u00f8lsomme personoplysninger indsamles, behandles og videregives i medf\u00f8r af databeskyttelsesforordningens artikel 9(2)(c) og (h).<\/li><li>Herudover er vi forpligtet til at behandle en r\u00e6kke personoplysninger om dig ved den almindelige patientbehandling i medf\u00f8r af Psykologloven samt Bekendtg\u00f8relse om psykologers pligt til at f\u00f8re ordnede optegnelser.<\/li><li>Oplysninger til brug for afregning for patientbehandling fremsendes en gang pr. m\u00e5ned til regionens afregningskontor efter reglerne i Overenskomst om Psykologhj\u00e6lp af Juli 2016<\/li><li>Dine personoplysninger videregives alene til forsikringsselskaber med dit forudg\u00e5ende samtykke, jf. databeskyttelsesforordningens artikel 6(1)(a) og 9(2)(a).<\/li><\/ul>\n\n\n\n<h4 class=\"wp-block-heading\"><strong>Tilbagekaldelse af samtykke.<\/strong><\/h4>\n\n\n\n<p>Hvis behandlingen af dine personoplysninger er baseret p\u00e5 samtykke, har du ret til at tilbagekalde samtykket. Hvis du tilbagekalder samtykket, p\u00e5virker det ikke behandlingen forud for tilbagekaldelse af samtykket, herunder en videregivelse baseret p\u00e5 samtykke.<\/p>\n\n\n\n<h4 class=\"wp-block-heading\"><strong>Brug af databehandlere<\/strong><\/h4>\n\n\n\n<p>Dine personoplysninger behandles og opbevares hos vores databehandlere, som opbevarer dem p\u00e5 vegne af og efter instruks fra os. Vores databehandlere er p.t.: Terapeutbooking EasyPractice ApS; Prima Care; Prescriba; Visma Dinero Aps; Nordic Way; Sygeforsikringen Danmark.<\/p>\n\n\n\n<h4 class=\"wp-block-heading\"><strong>Opbevaring og slettepolitik<\/strong><\/h4>\n\n\n\n<p>Vi opbevarer personoplysninger om dig, s\u00e5 l\u00e6nge vi har behov for at varetage de overfor angivne form\u00e5l. &nbsp;Vi har i henhold til journalf\u00f8ringsbekendtg\u00f8relsen \u00a7 15 pligt til at opbevare disse i minimum 5 \u00e5r efter seneste tilf\u00f8rsel til journalen. Der kan opst\u00e5 tilf\u00e6lde hvor vi er n\u00f8dsaget til at opbevare dine personoplysninger i l\u00e6ngere tid, f.eks. i forbindelse med en klagesag eller erstatningssag, hvor oplysninger i s\u00e5 fald vil blive opbevaret, indtil sagen er endeligt afsluttet.<\/p>\n\n\n\n<h4 class=\"wp-block-heading\"><strong>Dine rettigheder<\/strong><\/h4>\n\n\n\n<p>Du har \u2013 med lovens begr\u00e6nsninger \u2013 visse rettigheder, herunder retten til indsigt i personoplysninger, retten til at f\u00e5 \u00e6ndret ukorrekte oplysninger, retten til at f\u00e5 slettet oplysninger, retten til at f\u00e5 begr\u00e6nset oplysninger, retten til dataportabilitet, retten til at g\u00f8re indsigelse mod behandlingen af personoplysningerne, herunder ift. automatiseret, individuel beslutningstagning (\u201dprofilering\u201d).<\/p>\n\n\n\n<p>I forhold til sletning er denne rettighed dog modificeret af Bekendtg\u00f8relse om psykologers pligt at f\u00f8re ordner optegnelse, som bestemmer, at der ikke m\u00e5 ske sletning i patientjournaler, men alene rettelse, tilf\u00f8jelse.<\/p>\n\n\n\n<p>Du har ogs\u00e5 ret til at klage til en kompetent tilsynsmyndighed, herunder Datatilsynet.<\/p>\n\n\n\n<h4 class=\"wp-block-heading\"><strong>Kontakt<\/strong><\/h4>\n\n\n\n<p>Hvis du har sp\u00f8rgsm\u00e5l vedr\u00f8rende behandlingen af dine personoplysninger eller udnyttelsen af dine rettigheder, er du velkommen til at kontakte os. &nbsp;Klinikkens telefonnummer er 42 30 03 69. Adresseoplysninger p\u00e5 klinikken: Psykolog Christina Ganslev, Gymnasievej 21, 4600 K\u00f8ge, Danmark<\/p>\n\n\n\n<p><em><strong>Senest opdateret: 18 sept 2022.<\/strong><\/em><\/p>\n\n\n\n<h3 class=\"wp-block-heading\"><strong>Cookies<\/strong><\/h3>\n\n\n\n<p>En cookie er en lille datafil, som websites gemmer p\u00e5 brugerens computer for at kunne genkende computeren. Cookies kan blandt andet bruges til at udarbejde statistik over brugernes anvendelse af websitet.&nbsp;<\/p>\n\n\n\n<p>En cookie er en passiv fil og kan ikke indsamle oplysninger p\u00e5 brugerens computer, sprede computervirus eller andre skadelige programmer. Der gemmes ingen personlige oplysninger. Din session(bes\u00f8g) p\u00e5 hjemmesiden bliver kun registreret med et fortl\u00f8bende nummer i systemet.<\/p>\n\n\n\n<p>Form\u00e5let med brugen af cookies er at vi gerne vil g\u00f8re vores hjemmeside mere brugervenlig og rette eventuelle uhensigtsm\u00e6ssigheder. Derfor opfordrer vi dig til at acceptere de cookies, vores hjemmeside anvender, s\u00e5 vi kan forbedre din og andre brugeres oplevelse af sitet.<\/p>\n\n\n\n<h4 class=\"wp-block-heading\"><strong>S\u00e5dan sletter du cookies og afviser dem fremover<\/strong><\/h4>\n\n\n\n<p>Vi h\u00e5ber, at du vil tillade de cookies,&nbsp;vi s\u00e6tter, da de hj\u00e6lper os med at forbedre websitet.<\/p>\n\n\n\n<p>\u00d8nsker du alligevel ikke at modtage cookies fra dette website, skal du, under internetindstillinger i din browser, v\u00e6lge avancerede cookie indstillinger, og tilf\u00f8je dette dom\u00e6ne til listen over websites, du vil blokere cookies fra.<\/p>\n","protected":false},"excerpt":{"rendered":"<p>Behandling af dine oplysninger Vi er i forbindelse med psykologisk behandling af dig som dataansvarlig forpligtet til at indsamle og behandle en r\u00e6kke personoplysninger om dig, jf. Psykologloven og Bekendtg\u00f8relse om ordnede optegnelser for psykologer. Denne privatlivspolitik beskriver, hvordan vi i den forbindelse, bruger og i nogle tilf\u00e6lde videregiver dine personoplysninger. Typer af oplysninger Firmaet&hellip; <a class=\"more-link\" href=\"https:\/\/livingminds.dk\/index.php\/praktisk-info\/privacy-policy\/\">Continue reading &rarr;<\/a><\/p>\n","protected":false},"author":1,"featured_media":0,"parent":844,"menu_order":0,"comment_status":"closed","ping_status":"closed","template":"","meta":{"footnotes":""},"class_list":["post-3","page","type-page","status-publish","hentry"],"_links":{"self":[{"href":"https:\/\/livingminds.dk\/index.php\/wp-json\/wp\/v2\/pages\/3","targetHints":{"allow":["GET"]}}],"collection":[{"href":"https:\/\/livingminds.dk\/index.php\/wp-json\/wp\/v2\/pages"}],"about":[{"href":"https:\/\/livingminds.dk\/index.php\/wp-json\/wp\/v2\/types\/page"}],"author":[{"embeddable":true,"href":"https:\/\/livingminds.dk\/index.php\/wp-json\/wp\/v2\/users\/1"}],"replies":[{"embeddable":true,"href":"https:\/\/livingminds.dk\/index.php\/wp-json\/wp\/v2\/comments?post=3"}],"version-history":[{"count":4,"href":"https:\/\/livingminds.dk\/index.php\/wp-json\/wp\/v2\/pages\/3\/revisions"}],"predecessor-version":[{"id":965,"href":"https:\/\/livingminds.dk\/index.php\/wp-json\/wp\/v2\/pages\/3\/revisions\/965"}],"up":[{"embeddable":true,"href":"https:\/\/livingminds.dk\/index.php\/wp-json\/wp\/v2\/pages\/844"}],"wp:attachment":[{"href":"https:\/\/livingminds.dk\/index.php\/wp-json\/wp\/v2\/media?parent=3"}],"curies":[{"name":"wp","href":"https:\/\/api.w.org\/{rel}","templated":true}]}}