{"id":1001,"date":"2024-06-24T10:58:04","date_gmt":"2024-06-24T10:58:04","guid":{"rendered":"https:\/\/livingminds.dk\/?page_id=1001"},"modified":"2024-06-24T11:08:18","modified_gmt":"2024-06-24T11:08:18","slug":"sig-hej","status":"publish","type":"page","link":"https:\/\/livingminds.dk\/index.php\/sig-hej\/","title":{"rendered":"Sig Hej"},"content":{"rendered":"\n<p>Form\u00e5let med livingminds er at give mennesker mulighed for at leve et liv med mere mening, medf\u00f8lelse og n\u00e6rv\u00e6r.<\/p>\n\n\n\n<p>Kort sagt, at g\u00f8re vores liv mere v\u00e6rd at leve \u2013 I de private liv og som professionelle mennesker i vores organisationer og arbejdsliv.<\/p>\n\n\n\n<p>Jeg arbejder med mindfulness og medf\u00f8lelse som teknikker og teorier til at forst\u00e5 mennesker og til at udvikle os, s\u00e5 vi kan leve gode og n\u00e6rv\u00e6rende liv. Hos mig finder du konkret vejledning i hvordan du kan bruge disse i dit liv, og sammen finder vi frem til hvad der passer til dig og det du gerne vil opn\u00e5.<\/p>\n\n\n\n<p>Nogle kontakter mig fordi de gerne vil l\u00e6re at meditere, hvilket jeg l\u00e6rer dem gennem et 1-1 forl\u00f8b hvor vi sammen arbejder med at etablere en fast meditationspraksis i deres liv, s\u00e5 de kan have et dagligt st\u00e5sted i en travl verden.<br>Andre kommer fordi de gerne vil arbejde med at f\u00e5 en bedre relation til sig selv og andre, og skabe mere frihed gennem brug af medf\u00f8lelsesteknikker.<\/p>\n\n\n\n<p>Nogle deltager i mine kursusforl\u00f8b, andre foretr\u00e6kker 1-1 forl\u00f8b, der bedre kan skr\u00e6ddersyes og tilpasses den enkeltes situation.<br>Nysgerrig? S\u00e5 kom med p\u00e5 rejsen.<\/p>\n\n\n\n<p>Du er meget velkommen til at kontakte mig p\u00e5 42 30 03 69 og f\u00e5 en snak om hvad jeg kan hj\u00e6lpe netop dig med.<\/p>\n","protected":false},"excerpt":{"rendered":"<p>Form\u00e5let med livingminds er at give mennesker mulighed for at leve et liv med mere mening, medf\u00f8lelse og n\u00e6rv\u00e6r. Kort sagt, at g\u00f8re vores liv mere v\u00e6rd at leve \u2013 I de private liv og som professionelle mennesker i vores organisationer og arbejdsliv. Jeg arbejder med mindfulness og medf\u00f8lelse som teknikker og teorier til at&hellip; <a class=\"more-link\" href=\"https:\/\/livingminds.dk\/index.php\/sig-hej\/\">Continue reading &rarr;<\/a><\/p>\n","protected":false},"author":1,"featured_media":0,"parent":0,"menu_order":1,"comment_status":"closed","ping_status":"closed","template":"","meta":{"footnotes":""},"class_list":["post-1001","page","type-page","status-publish","hentry"],"_links":{"self":[{"href":"https:\/\/livingminds.dk\/index.php\/wp-json\/wp\/v2\/pages\/1001","targetHints":{"allow":["GET"]}}],"collection":[{"href":"https:\/\/livingminds.dk\/index.php\/wp-json\/wp\/v2\/pages"}],"about":[{"href":"https:\/\/livingminds.dk\/index.php\/wp-json\/wp\/v2\/types\/page"}],"author":[{"embeddable":true,"href":"https:\/\/livingminds.dk\/index.php\/wp-json\/wp\/v2\/users\/1"}],"replies":[{"embeddable":true,"href":"https:\/\/livingminds.dk\/index.php\/wp-json\/wp\/v2\/comments?post=1001"}],"version-history":[{"count":1,"href":"https:\/\/livingminds.dk\/index.php\/wp-json\/wp\/v2\/pages\/1001\/revisions"}],"predecessor-version":[{"id":1003,"href":"https:\/\/livingminds.dk\/index.php\/wp-json\/wp\/v2\/pages\/1001\/revisions\/1003"}],"wp:attachment":[{"href":"https:\/\/livingminds.dk\/index.php\/wp-json\/wp\/v2\/media?parent=1001"}],"curies":[{"name":"wp","href":"https:\/\/api.w.org\/{rel}","templated":true}]}}